{"id":62728,"date":"2025-12-06T18:47:36","date_gmt":"2025-12-06T16:47:36","guid":{"rendered":"https:\/\/www.koksuitspanje.nl\/?page_id=62728"},"modified":"2025-12-20T12:42:43","modified_gmt":"2025-12-20T10:42:43","slug":"vorteile-gastgewerbe-europa-de","status":"publish","type":"page","link":"https:\/\/www.koksuitspanje.nl\/de\/vorteile-gastgewerbe-europa-de\/","title":{"rendered":"Voordelen Horeca Europa (DE)"},"content":{"rendered":"<article>\n<h1>Vorteile im Gastgewerbe in Europa<\/h1>\n<p>\n    Viele K\u00f6che und Mitarbeiter im Gastgewerbe wissen nicht, dass es in mehreren europ\u00e4ischen L\u00e4ndern<br \/>\n    wichtige <strong>Wohn- und Gesundheitsleistungen f\u00fcr Besch\u00e4ftigte im Gastgewerbe<\/strong> gibt.<br \/>\n    Diese Leistungen k\u00f6nnen helfen, Mietkosten zu senken, Gesundheitskosten besser planbar zu machen<br \/>\n    und das monatliche Nettoeinkommen zu verbessern.\n  <\/p>\n<hr \/>\n<h2>Welche Vorteile gibt es f\u00fcr Besch\u00e4ftigte im Gastgewerbe in Europa?<\/h2>\n<p>\n    In verschiedenen europ\u00e4ischen L\u00e4ndern existieren Programme zur Unterst\u00fctzung von Arbeitnehmern<br \/>\n    mit niedrigen oder mittleren Einkommen. F\u00fcr Besch\u00e4ftigte im Gastgewerbe geht es dabei h\u00e4ufig um:\n  <\/p>\n<ul>\n<li><strong>Wohn- und Mietunterst\u00fctzung<\/strong> (z. B. Wohngeld, soziale Mietwohnungen, regionale Wohnbeihilfen)<\/li>\n<li><strong>Unterst\u00fctzung im Gesundheitssystem<\/strong> (z. B. Zusch\u00fcsse, geringere Beitr\u00e4ge oder staatliche Versorgung)<\/li>\n<li><strong>Einkommensabh\u00e4ngige Leistungen<\/strong> oder steuerliche Vorteile, die das Nettoeinkommen erh\u00f6hen<\/li>\n<\/ul>\n<p>\n    Die genauen Regelungen unterscheiden sich je nach Land \u2013 aber<br \/>\n    <strong>Wohn- und Gesundheitsleistungen im europ\u00e4ischen Gastgewerbe<\/strong> sind besonders relevant,<br \/>\n    wenn du feste monatliche Kosten wie Miete, Versicherungen und Lebenshaltung stabil halten willst.\n  <\/p>\n<hr \/>\n<h2>L\u00e4nder mit relevanten Regelungen f\u00fcr das Gastgewerbe<\/h2>\n<ul>\n<li><strong>Niederlande<\/strong> \u2013 Mietzuschuss (Huurtoeslag) und Krankenversicherungszuschuss<\/li>\n<li><strong>Deutschland<\/strong> \u2013 Wohngeld und gesetzliche Krankenversicherung<\/li>\n<li><strong>Belgien<\/strong> \u2013 soziale Mieten und regionale Wohnbeihilfen<\/li>\n<li><strong>\u00d6sterreich<\/strong> \u2013 regionale Wohnunterst\u00fctzung und starke Sozialversicherung<\/li>\n<li><strong>Irland<\/strong> \u2013 Housing Assistance Payment (HAP) und medizinische Unterst\u00fctzung (z. B. Medical Card)<\/li>\n<li><strong>Spanien<\/strong> \u2013 regionale Mietzusch\u00fcsse und \u00f6ffentliche Gesundheitsversorgung<\/li>\n<li><strong>England<\/strong> \u2013 Housing-Unterst\u00fctzung (Universal Credit \/ Housing Element) und Versorgung \u00fcber den NHS<\/li>\n<\/ul>\n<hr \/>\n<h2>Mehr Informationen pro Land<\/h2>\n<p>\n    Hier findest du die Detailseiten (auf Deutsch) pro Land:\n  <\/p>\n<ul>\n<li><a href=\"https:\/\/www.koksuitspanje.nl\/de\/niederlande-wohn-und-gesundheitsleistungen-gastgewerbe\/\">Niederlande \u2013 Wohn- und Gesundheitsleistungen<\/a><\/li>\n<li><a href=\"https:\/\/www.koksuitspanje.nl\/de\/deutschland-wohn-und-gesundheitsleistungen-gastgewerbe\/\">Deutschland \u2013 Wohn- und Gesundheitsleistungen<\/a><\/li>\n<li><a href=\"https:\/\/www.koksuitspanje.nl\/de\/belgien-wohn-und-gesundheitsleistungen-gastgewerbe\/\">Belgien \u2013 Wohn- und Gesundheitsleistungen<\/a><\/li>\n<li><a href=\"https:\/\/www.koksuitspanje.nl\/de\/oesterreich-wohn-und-gesundheitsleistungen-gastgewerbe\/\">\u00d6sterreich \u2013 Wohn- und Gesundheitsleistungen<\/a><\/li>\n<li><a href=\"https:\/\/www.koksuitspanje.nl\/de\/irland-wohn-und-gesundheitsleistungen-gastgewerbe\/\">Irland \u2013 Wohn- und Gesundheitsleistungen<\/a><\/li>\n<li><a href=\"https:\/\/www.koksuitspanje.nl\/de\/spanien-wohn-und-gesundheitsleistungen-gastgewerbe\/\">Spanien \u2013 Wohn- und Gesundheitsleistungen<\/a><\/li>\n<li><a href=\"https:\/\/www.koksuitspanje.nl\/de\/england-wohn-und-gesundheitsleistungen-gastgewerbe\/\">England \u2013 Wohn- und Gesundheitsleistungen<\/a><\/li>\n<\/ul>\n<hr \/>\n<h2>Europ\u00e4ischer Vergleich<\/h2>\n<p>\n    Die folgende \u00dcbersicht zeigt die wichtigsten Unterschiede bei Wohn- und Gesundheitsleistungen<br \/>\n    im europ\u00e4ischen Vergleich.\n  <\/p>\n<figure style=\"text-align: center; margin: 40px 0;\">\n    <img decoding=\"async\"\n      style=\"max-width: 800px; width: 100%; height: auto;\"\n      src=\"https:\/\/www.koksuitspanje.nl\/wp-content\/uploads\/2025\/12\/EU-Housing-and-Healthcare-1.png\"\n      alt=\"Europ\u00e4ischer Vergleich von Wohn- und Gesundheitsleistungen f\u00fcr Besch\u00e4ftigte im Gastgewerbe\"\n    \/><figcaption style=\"font-size: 14px; color: #555; margin-top: 8px;\">\n      Vergleich von Wohn- und Gesundheitsleistungen im Gastgewerbe in Europa<br \/>\n    <\/figcaption><\/figure>\n<\/article>\n","protected":false},"excerpt":{"rendered":"<p>Vorteile im Gastgewerbe in Europa Viele K\u00f6che und Mitarbeiter im Gastgewerbe wissen nicht, dass es in mehreren europ\u00e4ischen L\u00e4ndern wichtige Wohn- und Gesundheitsleistungen f\u00fcr Besch\u00e4ftigte im Gastgewerbe gibt. Diese Leistungen k\u00f6nnen helfen, Mietkosten zu senken, Gesundheitskosten besser planbar zu machen und das monatliche Nettoeinkommen zu verbessern. Welche Vorteile gibt es f\u00fcr Besch\u00e4ftigte im Gastgewerbe in [&hellip;]<\/p>\n","protected":false},"author":63,"featured_media":0,"parent":0,"menu_order":0,"comment_status":"closed","ping_status":"closed","template":"","meta":{"_acf_changed":false,"footnotes":""},"class_list":["post-62728","page","type-page","status-publish","hentry"],"acf":[],"yoast_head":"<!-- This site is optimized with the Yoast SEO Premium plugin v24.7 (Yoast SEO v27.5) - https:\/\/yoast.com\/product\/yoast-seo-premium-wordpress\/ -->\n<title>Wohn- und Gesundheitsleistungen im Gastgewerbe in Europa \u2013 \u00dcberblick<\/title>\n<meta name=\"description\" content=\"\u00dcberblick \u00fcber Wohn- und Gesundheitsleistungen f\u00fcr Besch\u00e4ftigte im Gastgewerbe in Europa. Vergleiche Niederlande, Deutschland, Belgien, \u00d6sterreich, Irland, Spanien und England.\" \/>\n<meta name=\"robots\" content=\"index, follow, max-snippet:-1, max-image-preview:large, max-video-preview:-1\" \/>\n<link rel=\"canonical\" href=\"https:\/\/www.koksuitspanje.nl\/de\/vorteile-gastgewerbe-europa-de\/\" \/>\n<meta property=\"og:locale\" content=\"de_DE\" \/>\n<meta property=\"og:type\" content=\"article\" \/>\n<meta property=\"og:title\" content=\"Voordelen Horeca Europa (DE)\" \/>\n<meta property=\"og:description\" content=\"\u00dcberblick \u00fcber Wohn- und Gesundheitsleistungen f\u00fcr Besch\u00e4ftigte im Gastgewerbe in Europa. Vergleiche Niederlande, Deutschland, Belgien, \u00d6sterreich, Irland, Spanien und England.\" \/>\n<meta property=\"og:url\" content=\"https:\/\/www.koksuitspanje.nl\/de\/vorteile-gastgewerbe-europa-de\/\" \/>\n<meta property=\"og:site_name\" content=\"Koks uit Spanje\" \/>\n<meta property=\"article:publisher\" content=\"https:\/\/www.facebook.com\/cocinerosenHolanda\/\" \/>\n<meta property=\"article:modified_time\" content=\"2025-12-20T10:42:43+00:00\" \/>\n<meta property=\"og:image\" content=\"https:\/\/www.koksuitspanje.nl\/wp-content\/uploads\/2018\/07\/login-bg.jpg\" \/>\n\t<meta property=\"og:image:width\" content=\"1920\" \/>\n\t<meta property=\"og:image:height\" content=\"1280\" \/>\n\t<meta property=\"og:image:type\" content=\"image\/jpeg\" \/>\n<meta name=\"twitter:card\" content=\"summary_large_image\" \/>\n<meta name=\"twitter:label1\" content=\"Gesch\u00e4tzte Lesezeit\" \/>\n\t<meta name=\"twitter:data1\" content=\"2\u00a0Minuten\" \/>\n<script type=\"application\/ld+json\" class=\"yoast-schema-graph\">{\"@context\":\"https:\\\/\\\/schema.org\",\"@graph\":[{\"@type\":\"WebPage\",\"@id\":\"https:\\\/\\\/www.koksuitspanje.nl\\\/de\\\/vorteile-gastgewerbe-europa-de\\\/\",\"url\":\"https:\\\/\\\/www.koksuitspanje.nl\\\/de\\\/vorteile-gastgewerbe-europa-de\\\/\",\"name\":\"Wohn- und Gesundheitsleistungen im Gastgewerbe in Europa \u2013 \u00dcberblick\",\"isPartOf\":{\"@id\":\"https:\\\/\\\/www.koksuitspanje.nl\\\/de\\\/#website\"},\"datePublished\":\"2025-12-06T16:47:36+00:00\",\"dateModified\":\"2025-12-20T10:42:43+00:00\",\"description\":\"\u00dcberblick \u00fcber Wohn- und Gesundheitsleistungen f\u00fcr Besch\u00e4ftigte im Gastgewerbe in Europa. Vergleiche Niederlande, Deutschland, Belgien, \u00d6sterreich, Irland, Spanien und England.\",\"breadcrumb\":{\"@id\":\"https:\\\/\\\/www.koksuitspanje.nl\\\/de\\\/vorteile-gastgewerbe-europa-de\\\/#breadcrumb\"},\"inLanguage\":\"de\",\"potentialAction\":[{\"@type\":\"ReadAction\",\"target\":[\"https:\\\/\\\/www.koksuitspanje.nl\\\/de\\\/vorteile-gastgewerbe-europa-de\\\/\"]}]},{\"@type\":\"BreadcrumbList\",\"@id\":\"https:\\\/\\\/www.koksuitspanje.nl\\\/de\\\/vorteile-gastgewerbe-europa-de\\\/#breadcrumb\",\"itemListElement\":[{\"@type\":\"ListItem\",\"position\":1,\"name\":\"Startseite\",\"item\":\"https:\\\/\\\/www.koksuitspanje.nl\\\/de\\\/\"},{\"@type\":\"ListItem\",\"position\":2,\"name\":\"Voordelen Horeca Europa (DE)\"}]},{\"@type\":\"WebSite\",\"@id\":\"https:\\\/\\\/www.koksuitspanje.nl\\\/de\\\/#website\",\"url\":\"https:\\\/\\\/www.koksuitspanje.nl\\\/de\\\/\",\"name\":\"Koks uit Spanje\",\"description\":\"Werving en selectie hospitality\",\"publisher\":{\"@id\":\"https:\\\/\\\/www.koksuitspanje.nl\\\/de\\\/#organization\"},\"alternateName\":\"Cocineros en Holanda\",\"potentialAction\":[{\"@type\":\"SearchAction\",\"target\":{\"@type\":\"EntryPoint\",\"urlTemplate\":\"https:\\\/\\\/www.koksuitspanje.nl\\\/de\\\/?s={search_term_string}\"},\"query-input\":{\"@type\":\"PropertyValueSpecification\",\"valueRequired\":true,\"valueName\":\"search_term_string\"}}],\"inLanguage\":\"de\"},{\"@type\":\"Organization\",\"@id\":\"https:\\\/\\\/www.koksuitspanje.nl\\\/de\\\/#organization\",\"name\":\"Koks uit Spanje\",\"alternateName\":\"Chefs from Spain\",\"url\":\"https:\\\/\\\/www.koksuitspanje.nl\\\/de\\\/\",\"logo\":{\"@type\":\"ImageObject\",\"inLanguage\":\"de\",\"@id\":\"https:\\\/\\\/www.koksuitspanje.nl\\\/de\\\/#\\\/schema\\\/logo\\\/image\\\/\",\"url\":\"https:\\\/\\\/www.koksuitspanje.nl\\\/wp-content\\\/uploads\\\/2018\\\/07\\\/login-bg.jpg\",\"contentUrl\":\"https:\\\/\\\/www.koksuitspanje.nl\\\/wp-content\\\/uploads\\\/2018\\\/07\\\/login-bg.jpg\",\"width\":\"1920\",\"height\":\"1280\",\"caption\":\"Koks uit Spanje\"},\"image\":{\"@id\":\"https:\\\/\\\/www.koksuitspanje.nl\\\/de\\\/#\\\/schema\\\/logo\\\/image\\\/\"},\"sameAs\":[\"https:\\\/\\\/www.facebook.com\\\/cocinerosenHolanda\\\/\",\"https:\\\/\\\/www.instagram.com\\\/cocinerosenholanda\\\/\"]}]}<\/script>\n<!-- \/ Yoast SEO Premium plugin. -->","yoast_head_json":{"title":"Wohn- und Gesundheitsleistungen im Gastgewerbe in Europa \u2013 \u00dcberblick","description":"\u00dcberblick \u00fcber Wohn- und Gesundheitsleistungen f\u00fcr Besch\u00e4ftigte im Gastgewerbe in Europa. Vergleiche Niederlande, Deutschland, Belgien, \u00d6sterreich, Irland, Spanien und England.","robots":{"index":"index","follow":"follow","max-snippet":"max-snippet:-1","max-image-preview":"max-image-preview:large","max-video-preview":"max-video-preview:-1"},"canonical":"https:\/\/www.koksuitspanje.nl\/de\/vorteile-gastgewerbe-europa-de\/","og_locale":"de_DE","og_type":"article","og_title":"Voordelen Horeca Europa (DE)","og_description":"\u00dcberblick \u00fcber Wohn- und Gesundheitsleistungen f\u00fcr Besch\u00e4ftigte im Gastgewerbe in Europa. Vergleiche Niederlande, Deutschland, Belgien, \u00d6sterreich, Irland, Spanien und England.","og_url":"https:\/\/www.koksuitspanje.nl\/de\/vorteile-gastgewerbe-europa-de\/","og_site_name":"Koks uit Spanje","article_publisher":"https:\/\/www.facebook.com\/cocinerosenHolanda\/","article_modified_time":"2025-12-20T10:42:43+00:00","og_image":[{"width":1920,"height":1280,"url":"https:\/\/www.koksuitspanje.nl\/wp-content\/uploads\/2018\/07\/login-bg.jpg","type":"image\/jpeg"}],"twitter_card":"summary_large_image","twitter_misc":{"Gesch\u00e4tzte Lesezeit":"2\u00a0Minuten"},"schema":{"@context":"https:\/\/schema.org","@graph":[{"@type":"WebPage","@id":"https:\/\/www.koksuitspanje.nl\/de\/vorteile-gastgewerbe-europa-de\/","url":"https:\/\/www.koksuitspanje.nl\/de\/vorteile-gastgewerbe-europa-de\/","name":"Wohn- und Gesundheitsleistungen im Gastgewerbe in Europa \u2013 \u00dcberblick","isPartOf":{"@id":"https:\/\/www.koksuitspanje.nl\/de\/#website"},"datePublished":"2025-12-06T16:47:36+00:00","dateModified":"2025-12-20T10:42:43+00:00","description":"\u00dcberblick \u00fcber Wohn- und Gesundheitsleistungen f\u00fcr Besch\u00e4ftigte im Gastgewerbe in Europa. Vergleiche Niederlande, Deutschland, Belgien, \u00d6sterreich, Irland, Spanien und England.","breadcrumb":{"@id":"https:\/\/www.koksuitspanje.nl\/de\/vorteile-gastgewerbe-europa-de\/#breadcrumb"},"inLanguage":"de","potentialAction":[{"@type":"ReadAction","target":["https:\/\/www.koksuitspanje.nl\/de\/vorteile-gastgewerbe-europa-de\/"]}]},{"@type":"BreadcrumbList","@id":"https:\/\/www.koksuitspanje.nl\/de\/vorteile-gastgewerbe-europa-de\/#breadcrumb","itemListElement":[{"@type":"ListItem","position":1,"name":"Startseite","item":"https:\/\/www.koksuitspanje.nl\/de\/"},{"@type":"ListItem","position":2,"name":"Voordelen Horeca Europa (DE)"}]},{"@type":"WebSite","@id":"https:\/\/www.koksuitspanje.nl\/de\/#website","url":"https:\/\/www.koksuitspanje.nl\/de\/","name":"Koks uit Spanje","description":"Werving en selectie hospitality","publisher":{"@id":"https:\/\/www.koksuitspanje.nl\/de\/#organization"},"alternateName":"Cocineros en Holanda","potentialAction":[{"@type":"SearchAction","target":{"@type":"EntryPoint","urlTemplate":"https:\/\/www.koksuitspanje.nl\/de\/?s={search_term_string}"},"query-input":{"@type":"PropertyValueSpecification","valueRequired":true,"valueName":"search_term_string"}}],"inLanguage":"de"},{"@type":"Organization","@id":"https:\/\/www.koksuitspanje.nl\/de\/#organization","name":"Koks uit Spanje","alternateName":"Chefs from Spain","url":"https:\/\/www.koksuitspanje.nl\/de\/","logo":{"@type":"ImageObject","inLanguage":"de","@id":"https:\/\/www.koksuitspanje.nl\/de\/#\/schema\/logo\/image\/","url":"https:\/\/www.koksuitspanje.nl\/wp-content\/uploads\/2018\/07\/login-bg.jpg","contentUrl":"https:\/\/www.koksuitspanje.nl\/wp-content\/uploads\/2018\/07\/login-bg.jpg","width":"1920","height":"1280","caption":"Koks uit Spanje"},"image":{"@id":"https:\/\/www.koksuitspanje.nl\/de\/#\/schema\/logo\/image\/"},"sameAs":["https:\/\/www.facebook.com\/cocinerosenHolanda\/","https:\/\/www.instagram.com\/cocinerosenholanda\/"]}]}},"_links":{"self":[{"href":"https:\/\/www.koksuitspanje.nl\/de\/wp-json\/wp\/v2\/pages\/62728","targetHints":{"allow":["GET"]}}],"collection":[{"href":"https:\/\/www.koksuitspanje.nl\/de\/wp-json\/wp\/v2\/pages"}],"about":[{"href":"https:\/\/www.koksuitspanje.nl\/de\/wp-json\/wp\/v2\/types\/page"}],"author":[{"embeddable":true,"href":"https:\/\/www.koksuitspanje.nl\/de\/wp-json\/wp\/v2\/users\/63"}],"replies":[{"embeddable":true,"href":"https:\/\/www.koksuitspanje.nl\/de\/wp-json\/wp\/v2\/comments?post=62728"}],"version-history":[{"count":20,"href":"https:\/\/www.koksuitspanje.nl\/de\/wp-json\/wp\/v2\/pages\/62728\/revisions"}],"predecessor-version":[{"id":64104,"href":"https:\/\/www.koksuitspanje.nl\/de\/wp-json\/wp\/v2\/pages\/62728\/revisions\/64104"}],"wp:attachment":[{"href":"https:\/\/www.koksuitspanje.nl\/de\/wp-json\/wp\/v2\/media?parent=62728"}],"curies":[{"name":"wp","href":"https:\/\/api.w.org\/{rel}","templated":true}]}}