{"id":63885,"date":"2025-12-17T21:46:31","date_gmt":"2025-12-17T19:46:31","guid":{"rendered":"https:\/\/www.koksuitspanje.nl\/?page_id=63885"},"modified":"2025-12-21T15:23:18","modified_gmt":"2025-12-21T13:23:18","slug":"wohnen-in-spanien","status":"publish","type":"page","link":"https:\/\/www.koksuitspanje.nl\/de\/wohnen-in-spanien\/","title":{"rendered":"Wohnen in Spanien"},"content":{"rendered":"<article>\r\n\r\n\r\n<figure class=\"wp-block-image size-large\">\r\n  <img decoding=\"async\" src=\"PASTE_IMAGE_URL_HERE\" alt=\"Wohnen in Spanien als Koch oder Gastronomie-Fachkraft\" \/>\r\n<\/figure>\r\n\r\n\r\n\r\n<h1 class=\"wp-block-heading\">Wohnen in Spanien als Koch oder Gastronomie-Fachkraft<\/h1>\r\n\r\n\r\n\r\n<p>\r\n\u00dcberlegst du, nach Spanien zu ziehen und dort in der Gastronomie zu arbeiten \u2013 zum Beispiel als Koch,\r\nK\u00fcchenhilfe, Servicekraft, Reinigungskraft, Barpersonal oder Hotelmitarbeiter?\r\nIn diesem praktischen Leitfaden erf\u00e4hrst du, was du <strong>vor dem Leben und Wohnen in Spanien<\/strong>\r\n\u00fcber Anmeldung, Unterkunft, Krankenversicherung, Steuern und den Alltag wissen solltest.\r\n<\/p>\r\n\r\n\r\n\r\n<hr class=\"wp-block-separator has-alpha-channel-opacity\"\/>\r\n\r\n\r\n\r\n<h2 class=\"wp-block-heading\">1. Administrative und rechtliche Grundlagen<\/h2>\r\n\r\n\r\n\r\n<h3 class=\"wp-block-heading\">Identifikation<\/h3>\r\n\r\n\r\n<ul class=\"wp-block-list\">\r\n  <li>Ein g\u00fcltiger <strong>EU-Reisepass oder Personalausweis<\/strong> ist ausreichend.<\/li>\r\n<\/ul>\r\n\r\n\r\n\r\n<h3 class=\"wp-block-heading\">Anmeldung (Empadronamiento &amp; NIE)<\/h3>\r\n\r\n\r\n<ul class=\"wp-block-list\">\r\n  <li><strong>Empadronamiento<\/strong>: Anmeldung bei der Gemeinde deines Wohnortes.<\/li>\r\n  <li><strong>NIE-Nummer<\/strong>: zwingend erforderlich f\u00fcr Arbeit, Mietvertrag, Bankkonto und Versicherung.<\/li>\r\n<\/ul>\r\n\r\n\r\n\r\n<h3 class=\"wp-block-heading\">Abschl\u00fcsse und Qualifikationen<\/h3>\r\n\r\n\r\n<ul class=\"wp-block-list\">\r\n  <li>In der Gastronomie meist <strong>keine formale Anerkennung<\/strong> erforderlich.<\/li>\r\n  <li><strong>Berufserfahrung<\/strong> ist wichtiger als Diplome.<\/li>\r\n<\/ul>\r\n\r\n\r\n\r\n<hr class=\"wp-block-separator has-alpha-channel-opacity\"\/>\r\n\r\n\r\n\r\n<h2 class=\"wp-block-heading\">2. Wohnen und Unterkunft in Spanien<\/h2>\r\n\r\n\r\n\r\n<h3 class=\"wp-block-heading\">Mietvertrag<\/h3>\r\n\r\n\r\n<ul class=\"wp-block-list\">\r\n  <li>Bevorzuge einen <strong>schriftlichen Mietvertrag<\/strong> auf deinen Namen.<\/li>\r\n  <li>Wichtig f\u00fcr Anmeldung, Bankkonto und Sozialversicherung.<\/li>\r\n<\/ul>\r\n\r\n\r\n\r\n<h3 class=\"wp-block-heading\">Personalunterkunft<\/h3>\r\n\r\n\r\n<ul class=\"wp-block-list\">\r\n  <li>H\u00e4ufig in der <strong>Saison-Gastronomie<\/strong>.<\/li>\r\n  <li>Pr\u00fcfe Mietkosten, Lohnabz\u00fcge und ob eine <strong>offizielle Anmeldung<\/strong> m\u00f6glich ist.<\/li>\r\n<\/ul>\r\n\r\n\r\n\r\n<h3 class=\"wp-block-heading\">Anmeldung an der Adresse<\/h3>\r\n\r\n\r\n<ul class=\"wp-block-list\">\r\n  <li>Ohne Empadronamiento sind viele Beh\u00f6rdeng\u00e4nge <strong>nicht m\u00f6glich<\/strong>.<\/li>\r\n<\/ul>\r\n\r\n\r\n\r\n<hr class=\"wp-block-separator has-alpha-channel-opacity\"\/>\r\n\r\n\r\n\r\n<h2 class=\"wp-block-heading\">3. Finanzen und soziale Absicherung<\/h2>\r\n\r\n\r\n\r\n<h3 class=\"wp-block-heading\">Krankenversicherung<\/h3>\r\n\r\n\r\n<ul class=\"wp-block-list\">\r\n  <li>Pflichtversicherung \u00fcber die <strong>spanische Sozialversicherung (Seguridad Social)<\/strong>.<\/li>\r\n  <li>Der Arbeitgeber meldet dich an.<\/li>\r\n<\/ul>\r\n\r\n\r\n\r\n<h3 class=\"wp-block-heading\">Steuern<\/h3>\r\n\r\n\r\n<ul class=\"wp-block-list\">\r\n  <li>Einkommensteuer (<strong>IRPF<\/strong>) wird direkt vom Gehalt abgezogen.<\/li>\r\n  <li>Bei grenz\u00fcberschreitenden Situationen empfiehlt sich Beratung.<\/li>\r\n<\/ul>\r\n\r\n\r\n\r\n<h3 class=\"wp-block-heading\">Familie und Rente<\/h3>\r\n\r\n\r\n<ul class=\"wp-block-list\">\r\n  <li>Familienleistungen abh\u00e4ngig von Einkommen und Situation.<\/li>\r\n  <li>Arbeitsjahre in Spanien werden <strong>EU-weit angerechnet<\/strong>.<\/li>\r\n<\/ul>\r\n\r\n\r\n\r\n<hr class=\"wp-block-separator has-alpha-channel-opacity\"\/>\r\n\r\n\r\n\r\n<h2 class=\"wp-block-heading\">4. Grenzsituationen und Sonderf\u00e4lle<\/h2>\r\n\r\n\r\n<ul class=\"wp-block-list\">\r\n  <li>Wohnen in einem Land, arbeiten in Spanien \u2192 spezielle Regelungen m\u00f6glich.<\/li>\r\n  <li>Mehrere Arbeitgeber oder Saisonarbeit \u2192 rechtzeitig informieren.<\/li>\r\n<\/ul>\r\n\r\n\r\n\r\n<hr class=\"wp-block-separator has-alpha-channel-opacity\"\/>\r\n\r\n\r\n\r\n<h2 class=\"wp-block-heading\">5. Lebensstil und Kultur in Spanien<\/h2>\r\n\r\n\r\n\r\n<p>\r\nDer spanische Alltag ist stark sozial gepr\u00e4gt.\r\nGemeinschaft, Familie und pers\u00f6nliche Kontakte spielen eine gr\u00f6\u00dfere Rolle\r\nals strikte Zeitpl\u00e4ne oder formale Abl\u00e4ufe.\r\nDas wirkt sich deutlich auf Arbeitszeiten, Essgewohnheiten und Freizeit aus.\r\n<\/p>\r\n\r\n\r\n\r\n<h3 class=\"wp-block-heading\">Arbeitskultur im Gastgewerbe<\/h3>\r\n\r\n\r\n<p>\r\nIn der Gastronomie sind lange Arbeitstage normal, insbesondere in touristischen Regionen\r\nund w\u00e4hrend der Hochsaison.\r\nSplit-Schichten (Mittag + Abend) sind weit verbreitet.\r\nEin sp\u00e4ter Feierabend geh\u00f6rt f\u00fcr viele Besch\u00e4ftigte zum Alltag.\r\n<\/p>\r\n\r\n\r\n\r\n<h3 class=\"wp-block-heading\">Soziales Leben &amp; Tagesrhythmus<\/h3>\r\n\r\n\r\n<ul class=\"wp-block-list\">\r\n  <li>Starker Fokus auf Familie, Freunde und gemeinsames Essen<\/li>\r\n  <li>Mittagessen meist zwischen 14:00\u201316:00 Uhr<\/li>\r\n  <li>Abendessen oft erst ab <strong>20:00\u201322:00 Uhr<\/strong><\/li>\r\n<\/ul>\r\n\r\n\r\n\r\n<h3 class=\"wp-block-heading\">Alltag, \u00d6ffnungszeiten &amp; Gewohnheiten<\/h3>\r\n\r\n\r\n<ul class=\"wp-block-list\">\r\n  <li>Viele kleinere Gesch\u00e4fte schlie\u00dfen mittags (Siesta-Zeiten)<\/li>\r\n  <li>Beh\u00f6rden arbeiten meist nur vormittags<\/li>\r\n  <li>Gro\u00dfe Superm\u00e4rkte und Einkaufszentren oft durchgehend ge\u00f6ffnet<\/li>\r\n<\/ul>\r\n\r\n\r\n\r\n<h3 class=\"wp-block-heading\">Lebensstil &amp; Mentalit\u00e4t<\/h3>\r\n\r\n\r\n<p>\r\nDer Lebensstil in Spanien ist insgesamt entspannter und weniger formell\r\nals in vielen nordeurop\u00e4ischen L\u00e4ndern.\r\nFlexibilit\u00e4t, Improvisation und pers\u00f6nliche Beziehungen sind wichtiger\r\nals strikte Planung.\r\nF\u00fcr Neuank\u00f6mmlinge kann das anfangs ungewohnt sein, wird aber oft als gro\u00dfe St\u00e4rke erlebt.\r\n<\/p>\r\n\r\n\r\n\r\n<hr class=\"wp-block-separator has-alpha-channel-opacity\"\/>\r\n\r\n\r\n<!-- ========================= -->\r\n<!-- 6. Visueller interner Linkblock -->\r\n\r\n<h2 class=\"wp-block-heading\">6. Wohnen und Gesundheitsversorgung in Spanien<\/h2>\r\n\r\n\r\n\r\n<div class=\"wp-block-group has-base-background-color has-background\" style=\"padding:16px;\"><div class=\"wp-block-group__inner-container is-layout-flow wp-block-group-is-layout-flow\">\r\n  \r\n  <p>\r\n    <strong>Wohnen &amp; Gesundheit in Spanien:<\/strong><br \/>\r\n    Mehr Details zu Wohn- und Gesundheitsleistungen findest du hier:\r\n    <br \/>\r\n    \ud83d\udc49 <a href=\"https:\/\/www.koksuitspanje.nl\/de\/spanien-wohn-und-gesundheitsleistungen-gastgewerbe\/\">\r\n      Spanien \u2013 Wohn- und Gesundheitsleistungen f\u00fcr Gastronomie-Mitarbeiter\r\n    <\/a>\r\n  <\/p>\r\n  \r\n<\/div><\/div>\r\n\r\n\r\n<!-- ========================= -->\r\n<!-- 7. Visueller Community-Block -->\r\n\r\n<h2 class=\"wp-block-heading\">7. Teil unserer europ\u00e4ischen Community werden<\/h2>\r\n\r\n\r\n\r\n<div class=\"wp-block-group has-base-background-color has-background\" style=\"padding:16px;\"><div class=\"wp-block-group__inner-container is-layout-flow wp-block-group-is-layout-flow\">\r\n  \r\n  <p>\r\n    Suchst du verl\u00e4ssliche Informationen und echte Jobchancen in der europ\u00e4ischen Gastronomie?\r\n    <br \/>\r\n    \ud83d\udc49 <a href=\"https:\/\/www.facebook.com\/groups\/chefsfromeuropeworkabroad\" target=\"_blank\" rel=\"noopener\">\r\n      Chefs from Europe \u2013 Work Abroad (Official Group)\r\n    <\/a>\r\n  <\/p>\r\n  \r\n<\/div><\/div>\r\n\r\n\r\n<\/article>\r\n","protected":false},"excerpt":{"rendered":"<p>Wohnen in Spanien als Koch oder Gastronomie-Fachkraft \u00dcberlegst du, nach Spanien zu ziehen und dort in der Gastronomie zu arbeiten \u2013 zum Beispiel als Koch, K\u00fcchenhilfe, Servicekraft, Reinigungskraft, Barpersonal oder Hotelmitarbeiter? In diesem praktischen Leitfaden erf\u00e4hrst du, was du vor dem Leben und Wohnen in Spanien \u00fcber Anmeldung, Unterkunft, Krankenversicherung, Steuern und den Alltag wissen [&hellip;]<\/p>\n","protected":false},"author":63,"featured_media":0,"parent":0,"menu_order":0,"comment_status":"closed","ping_status":"closed","template":"","meta":{"_acf_changed":false,"footnotes":""},"class_list":["post-63885","page","type-page","status-publish","hentry"],"acf":[],"yoast_head":"<!-- This site is optimized with the Yoast SEO Premium plugin v24.7 (Yoast SEO v27.5) - https:\/\/yoast.com\/product\/yoast-seo-premium-wordpress\/ -->\n<title>Wohnen in Spanien als Koch oder Gastronomie-Fachkraft | Leitfaden<\/title>\n<meta name=\"description\" content=\"Wohnen in Spanien als Koch oder Gastronomie-Fachkraft? Erfahre alles \u00fcber Anmeldung, Wohnen, Krankenversicherung, Steuern und das t\u00e4gliche Leben.\" \/>\n<meta name=\"robots\" content=\"index, follow, max-snippet:-1, max-image-preview:large, max-video-preview:-1\" \/>\n<link rel=\"canonical\" href=\"https:\/\/www.koksuitspanje.nl\/de\/wohnen-in-spanien\/\" \/>\n<meta property=\"og:locale\" content=\"de_DE\" \/>\n<meta property=\"og:type\" content=\"article\" \/>\n<meta property=\"og:title\" content=\"Wohnen in Spanien\" \/>\n<meta property=\"og:description\" content=\"Wohnen in Spanien als Koch oder Gastronomie-Fachkraft? Erfahre alles \u00fcber Anmeldung, Wohnen, Krankenversicherung, Steuern und das t\u00e4gliche Leben.\" \/>\n<meta property=\"og:url\" content=\"https:\/\/www.koksuitspanje.nl\/de\/wohnen-in-spanien\/\" \/>\n<meta property=\"og:site_name\" content=\"Koks uit Spanje\" \/>\n<meta property=\"article:publisher\" content=\"https:\/\/www.facebook.com\/cocinerosenHolanda\/\" \/>\n<meta property=\"article:modified_time\" content=\"2025-12-21T13:23:18+00:00\" \/>\n<meta property=\"og:image\" content=\"https:\/\/www.koksuitspanje.nl\/wp-content\/uploads\/2018\/07\/login-bg.jpg\" \/>\n\t<meta property=\"og:image:width\" content=\"1920\" \/>\n\t<meta property=\"og:image:height\" content=\"1280\" \/>\n\t<meta property=\"og:image:type\" content=\"image\/jpeg\" \/>\n<meta name=\"twitter:card\" content=\"summary_large_image\" \/>\n<meta name=\"twitter:label1\" content=\"Gesch\u00e4tzte Lesezeit\" \/>\n\t<meta name=\"twitter:data1\" content=\"2\u00a0Minuten\" \/>\n<script type=\"application\/ld+json\" class=\"yoast-schema-graph\">{\"@context\":\"https:\\\/\\\/schema.org\",\"@graph\":[{\"@type\":\"WebPage\",\"@id\":\"https:\\\/\\\/www.koksuitspanje.nl\\\/de\\\/wohnen-in-spanien\\\/\",\"url\":\"https:\\\/\\\/www.koksuitspanje.nl\\\/de\\\/wohnen-in-spanien\\\/\",\"name\":\"Wohnen in Spanien als Koch oder Gastronomie-Fachkraft | Leitfaden\",\"isPartOf\":{\"@id\":\"https:\\\/\\\/www.koksuitspanje.nl\\\/de\\\/#website\"},\"datePublished\":\"2025-12-17T19:46:31+00:00\",\"dateModified\":\"2025-12-21T13:23:18+00:00\",\"description\":\"Wohnen in Spanien als Koch oder Gastronomie-Fachkraft? Erfahre alles \u00fcber Anmeldung, Wohnen, Krankenversicherung, Steuern und das t\u00e4gliche Leben.\",\"breadcrumb\":{\"@id\":\"https:\\\/\\\/www.koksuitspanje.nl\\\/de\\\/wohnen-in-spanien\\\/#breadcrumb\"},\"inLanguage\":\"de\",\"potentialAction\":[{\"@type\":\"ReadAction\",\"target\":[\"https:\\\/\\\/www.koksuitspanje.nl\\\/de\\\/wohnen-in-spanien\\\/\"]}]},{\"@type\":\"BreadcrumbList\",\"@id\":\"https:\\\/\\\/www.koksuitspanje.nl\\\/de\\\/wohnen-in-spanien\\\/#breadcrumb\",\"itemListElement\":[{\"@type\":\"ListItem\",\"position\":1,\"name\":\"Startseite\",\"item\":\"https:\\\/\\\/www.koksuitspanje.nl\\\/de\\\/\"},{\"@type\":\"ListItem\",\"position\":2,\"name\":\"Wohnen in Spanien\"}]},{\"@type\":\"WebSite\",\"@id\":\"https:\\\/\\\/www.koksuitspanje.nl\\\/de\\\/#website\",\"url\":\"https:\\\/\\\/www.koksuitspanje.nl\\\/de\\\/\",\"name\":\"Koks uit Spanje\",\"description\":\"Werving en selectie hospitality\",\"publisher\":{\"@id\":\"https:\\\/\\\/www.koksuitspanje.nl\\\/de\\\/#organization\"},\"alternateName\":\"Cocineros en Holanda\",\"potentialAction\":[{\"@type\":\"SearchAction\",\"target\":{\"@type\":\"EntryPoint\",\"urlTemplate\":\"https:\\\/\\\/www.koksuitspanje.nl\\\/de\\\/?s={search_term_string}\"},\"query-input\":{\"@type\":\"PropertyValueSpecification\",\"valueRequired\":true,\"valueName\":\"search_term_string\"}}],\"inLanguage\":\"de\"},{\"@type\":\"Organization\",\"@id\":\"https:\\\/\\\/www.koksuitspanje.nl\\\/de\\\/#organization\",\"name\":\"Koks uit Spanje\",\"alternateName\":\"Chefs from Spain\",\"url\":\"https:\\\/\\\/www.koksuitspanje.nl\\\/de\\\/\",\"logo\":{\"@type\":\"ImageObject\",\"inLanguage\":\"de\",\"@id\":\"https:\\\/\\\/www.koksuitspanje.nl\\\/de\\\/#\\\/schema\\\/logo\\\/image\\\/\",\"url\":\"https:\\\/\\\/www.koksuitspanje.nl\\\/wp-content\\\/uploads\\\/2018\\\/07\\\/login-bg.jpg\",\"contentUrl\":\"https:\\\/\\\/www.koksuitspanje.nl\\\/wp-content\\\/uploads\\\/2018\\\/07\\\/login-bg.jpg\",\"width\":\"1920\",\"height\":\"1280\",\"caption\":\"Koks uit Spanje\"},\"image\":{\"@id\":\"https:\\\/\\\/www.koksuitspanje.nl\\\/de\\\/#\\\/schema\\\/logo\\\/image\\\/\"},\"sameAs\":[\"https:\\\/\\\/www.facebook.com\\\/cocinerosenHolanda\\\/\",\"https:\\\/\\\/www.instagram.com\\\/cocinerosenholanda\\\/\"]}]}<\/script>\n<!-- \/ Yoast SEO Premium plugin. -->","yoast_head_json":{"title":"Wohnen in Spanien als Koch oder Gastronomie-Fachkraft | Leitfaden","description":"Wohnen in Spanien als Koch oder Gastronomie-Fachkraft? Erfahre alles \u00fcber Anmeldung, Wohnen, Krankenversicherung, Steuern und das t\u00e4gliche Leben.","robots":{"index":"index","follow":"follow","max-snippet":"max-snippet:-1","max-image-preview":"max-image-preview:large","max-video-preview":"max-video-preview:-1"},"canonical":"https:\/\/www.koksuitspanje.nl\/de\/wohnen-in-spanien\/","og_locale":"de_DE","og_type":"article","og_title":"Wohnen in Spanien","og_description":"Wohnen in Spanien als Koch oder Gastronomie-Fachkraft? Erfahre alles \u00fcber Anmeldung, Wohnen, Krankenversicherung, Steuern und das t\u00e4gliche Leben.","og_url":"https:\/\/www.koksuitspanje.nl\/de\/wohnen-in-spanien\/","og_site_name":"Koks uit Spanje","article_publisher":"https:\/\/www.facebook.com\/cocinerosenHolanda\/","article_modified_time":"2025-12-21T13:23:18+00:00","og_image":[{"width":1920,"height":1280,"url":"https:\/\/www.koksuitspanje.nl\/wp-content\/uploads\/2018\/07\/login-bg.jpg","type":"image\/jpeg"}],"twitter_card":"summary_large_image","twitter_misc":{"Gesch\u00e4tzte Lesezeit":"2\u00a0Minuten"},"schema":{"@context":"https:\/\/schema.org","@graph":[{"@type":"WebPage","@id":"https:\/\/www.koksuitspanje.nl\/de\/wohnen-in-spanien\/","url":"https:\/\/www.koksuitspanje.nl\/de\/wohnen-in-spanien\/","name":"Wohnen in Spanien als Koch oder Gastronomie-Fachkraft | Leitfaden","isPartOf":{"@id":"https:\/\/www.koksuitspanje.nl\/de\/#website"},"datePublished":"2025-12-17T19:46:31+00:00","dateModified":"2025-12-21T13:23:18+00:00","description":"Wohnen in Spanien als Koch oder Gastronomie-Fachkraft? Erfahre alles \u00fcber Anmeldung, Wohnen, Krankenversicherung, Steuern und das t\u00e4gliche Leben.","breadcrumb":{"@id":"https:\/\/www.koksuitspanje.nl\/de\/wohnen-in-spanien\/#breadcrumb"},"inLanguage":"de","potentialAction":[{"@type":"ReadAction","target":["https:\/\/www.koksuitspanje.nl\/de\/wohnen-in-spanien\/"]}]},{"@type":"BreadcrumbList","@id":"https:\/\/www.koksuitspanje.nl\/de\/wohnen-in-spanien\/#breadcrumb","itemListElement":[{"@type":"ListItem","position":1,"name":"Startseite","item":"https:\/\/www.koksuitspanje.nl\/de\/"},{"@type":"ListItem","position":2,"name":"Wohnen in Spanien"}]},{"@type":"WebSite","@id":"https:\/\/www.koksuitspanje.nl\/de\/#website","url":"https:\/\/www.koksuitspanje.nl\/de\/","name":"Koks uit Spanje","description":"Werving en selectie hospitality","publisher":{"@id":"https:\/\/www.koksuitspanje.nl\/de\/#organization"},"alternateName":"Cocineros en Holanda","potentialAction":[{"@type":"SearchAction","target":{"@type":"EntryPoint","urlTemplate":"https:\/\/www.koksuitspanje.nl\/de\/?s={search_term_string}"},"query-input":{"@type":"PropertyValueSpecification","valueRequired":true,"valueName":"search_term_string"}}],"inLanguage":"de"},{"@type":"Organization","@id":"https:\/\/www.koksuitspanje.nl\/de\/#organization","name":"Koks uit Spanje","alternateName":"Chefs from Spain","url":"https:\/\/www.koksuitspanje.nl\/de\/","logo":{"@type":"ImageObject","inLanguage":"de","@id":"https:\/\/www.koksuitspanje.nl\/de\/#\/schema\/logo\/image\/","url":"https:\/\/www.koksuitspanje.nl\/wp-content\/uploads\/2018\/07\/login-bg.jpg","contentUrl":"https:\/\/www.koksuitspanje.nl\/wp-content\/uploads\/2018\/07\/login-bg.jpg","width":"1920","height":"1280","caption":"Koks uit Spanje"},"image":{"@id":"https:\/\/www.koksuitspanje.nl\/de\/#\/schema\/logo\/image\/"},"sameAs":["https:\/\/www.facebook.com\/cocinerosenHolanda\/","https:\/\/www.instagram.com\/cocinerosenholanda\/"]}]}},"_links":{"self":[{"href":"https:\/\/www.koksuitspanje.nl\/de\/wp-json\/wp\/v2\/pages\/63885","targetHints":{"allow":["GET"]}}],"collection":[{"href":"https:\/\/www.koksuitspanje.nl\/de\/wp-json\/wp\/v2\/pages"}],"about":[{"href":"https:\/\/www.koksuitspanje.nl\/de\/wp-json\/wp\/v2\/types\/page"}],"author":[{"embeddable":true,"href":"https:\/\/www.koksuitspanje.nl\/de\/wp-json\/wp\/v2\/users\/63"}],"replies":[{"embeddable":true,"href":"https:\/\/www.koksuitspanje.nl\/de\/wp-json\/wp\/v2\/comments?post=63885"}],"version-history":[{"count":5,"href":"https:\/\/www.koksuitspanje.nl\/de\/wp-json\/wp\/v2\/pages\/63885\/revisions"}],"predecessor-version":[{"id":64188,"href":"https:\/\/www.koksuitspanje.nl\/de\/wp-json\/wp\/v2\/pages\/63885\/revisions\/64188"}],"wp:attachment":[{"href":"https:\/\/www.koksuitspanje.nl\/de\/wp-json\/wp\/v2\/media?parent=63885"}],"curies":[{"name":"wp","href":"https:\/\/api.w.org\/{rel}","templated":true}]}}