{"id":1187,"date":"2018-08-30T13:20:49","date_gmt":"2018-08-30T13:20:49","guid":{"rendered":"https:\/\/www.koksuitspanje.nl\/?page_id=1187"},"modified":"2025-12-10T17:41:02","modified_gmt":"2025-12-10T15:41:02","slug":"declaracion-de-privacidad","status":"publish","type":"page","link":"https:\/\/www.koksuitspanje.nl\/es\/declaracion-de-privacidad\/","title":{"rendered":"Pol\u00edtica de privacidad"},"content":{"rendered":"<p class=\"p1\">Cooks from Spain, con domicilio en Scheibaan 11a, 5062TM Oisterwijk, Pa\u00edses Bajos, es responsable del tratamiento de los datos personales reflejados en esta declaraci\u00f3n de privacidad.<\/p>\n<p class=\"p1\">Datos de contacto:<\/p>\n<p class=\"p1\">Https:\/\/www.koksuitspanje.nl Scheibaan 11a, 5062TM Oisterwijk, Pa\u00edses Bajos +31651505704<\/p>\n<p class=\"p1\">Dick van Ostaden es el Responsable de Protecci\u00f3n de Datos de Cooks from Spain. Puedes ponerte en contacto con \u00e9l en info@koksuitspanje.nl<\/p>\n<p class=\"p1\">Datos personales que tratamos<\/p>\n<p class=\"p1\">Cooks from Spain trata tus datos personales porque utilizas nuestros servicios y\/o porque t\u00fa mismo nos los proporcionas.<\/p>\n<p class=\"p1\">A continuaci\u00f3n encontrar\u00e1s un resumen de los datos personales que procesamos:<\/p>\n<p class=\"p1\">&#8211; Nombre y apellidos<\/p>\n<p class=\"p1\">&#8211; Sexo<\/p>\n<p class=\"p1\">&#8211; Fecha de nacimiento<\/p>\n<p class=\"p1\">&#8211; Lugar de nacimiento<\/p>\n<p class=\"p1\">&#8211; Datos de la direcci\u00f3n<\/p>\n<p class=\"p1\">&#8211; N\u00famero de tel\u00e9fono<\/p>\n<p class=\"p1\">&#8211; Direcci\u00f3n de correo electr\u00f3nico<\/p>\n<p class=\"p1\">&#8211; Direcci\u00f3n IP<\/p>\n<p class=\"p1\">&#8211; Otros datos personales que proporciones activamente, por ejemplo, al crear un perfil en este sitio web, en la correspondencia y por tel\u00e9fono<\/p>\n<p class=\"p1\">&#8211; Detalles de la ubicaci\u00f3n<\/p>\n<p class=\"p1\">&#8211; Datos sobre tus actividades en nuestro sitio web<\/p>\n<p class=\"p1\">&#8211; Datos sobre tu comportamiento de navegaci\u00f3n en diferentes sitios web (por ejemplo, porque esta empresa forma parte de una red publicitaria)<\/p>\n<p class=\"p1\">&#8211; Lista de datos de contacto de clientes a trav\u00e9s de una app<\/p>\n<p class=\"p1\">&#8211; Navegador de Internet y tipo de dispositivo<\/p>\n<p class=\"p1\">Datos personales especiales y\/o sensibles que tratamos<\/p>\n<p class=\"p1\">Nuestro sitio web y\/o servicio no pretende recoger datos de visitantes del sitio web menores de 16 a\u00f1os. A menos que cuenten con el consentimiento de sus padres o tutores. Sin embargo, no podemos verificar si un visitante es mayor de 16 a\u00f1os. Por lo tanto, aconsejamos a los padres que se impliquen en las actividades en l\u00ednea de sus hijos para evitar la recogida de datos de menores sin el consentimiento paterno. Si est\u00e1s convencido de que hemos recopilado datos personales de un menor sin dicho consentimiento, ponte en contacto con nosotros en info@koksuitspanje.nl y eliminaremos esta informaci\u00f3n.    <\/p>\n<p class=\"p1\">Con qu\u00e9 finalidad y sobre qu\u00e9 base tratamos los datos personales<\/p>\n<p class=\"p1\">Cooks from Spain trata tus datos personales para los siguientes fines:<\/p>\n<p class=\"p1\">&#8211; Gesti\u00f3n de tu pago<\/p>\n<p class=\"p1\">&#8211; Env\u00edo de nuestro bolet\u00edn y\/o folleto publicitario<\/p>\n<p class=\"p1\">&#8211; Llamarte o enviarte un correo electr\u00f3nico si es necesario para realizar nuestros servicios<\/p>\n<p class=\"p1\">&#8211; Informarte de cambios en nuestros servicios y productos<\/p>\n<p class=\"p1\">&#8211; Permitirte crear una cuenta<\/p>\n<p class=\"p1\">&#8211; Para suministrarte bienes y servicios<\/p>\n<p class=\"p1\">&#8211; Cooks from Spain analiza tu comportamiento en el sitio web para mejorarlo y adaptar la oferta de productos y servicios a tus preferencias.<\/p>\n<p class=\"p1\">&#8211; Cooks from Spain rastrea tu comportamiento de navegaci\u00f3n en diferentes sitios web para ayudarnos a adaptar nuestros productos y servicios a tus necesidades.<\/p>\n<p class=\"p1\">&#8211; Cooks from Spain tambi\u00e9n procesa datos personales si estamos legalmente obligados a hacerlo, como los datos que necesitamos para nuestra declaraci\u00f3n de la renta.<\/p>\n<p class=\"p1\">Toma de decisiones automatizada<\/p>\n<p class=\"p1\">Cooks from Spain no toma decisiones basadas en un tratamiento automatizado sobre asuntos que puedan afectar (significativamente) a las personas. Esto se refiere a decisiones que son tomadas por programas o sistemas inform\u00e1ticos, sin que intervenga ning\u00fan ser humano (por ejemplo, un empleado de Koks uit Spanje B.V.). <\/p>\n<p class=\"p1\">Cu\u00e1nto tiempo conservamos los datos personales.<\/p>\n<p class=\"p1\">Cooks from Spain no conserva tus datos personales durante m\u00e1s tiempo del estrictamente necesario para cumplir los fines para los que se recogieron. Utilizamos los siguientes periodos de conservaci\u00f3n para las siguientes (categor\u00edas de) datos personales: <\/p>\n<p class=\"p1\">(Categor\u00eda) de datos personales<span class=\"Apple-converted-space\">  <\/span>&gt; Periodo de conservaci\u00f3n &gt; Motivo<\/p>\n<p class=\"p1\">Datos personales<span class=\"Apple-converted-space\">                                  <\/span>para CV mientras sigas siendo miembro  <span class=\"Apple-converted-space\">                       <\/span><\/p>\n<p class=\"p1\">Compartir datos personales con terceros<\/p>\n<p class=\"p1\">Cooks from Spain comparte tus datos personales con varios terceros si es necesario para la ejecuci\u00f3n del acuerdo y para cumplir con alguna obligaci\u00f3n legal. Con las empresas que procesan tus datos en nuestro nombre, concluimos un acuerdo de procesador para garantizar el mismo nivel de seguridad y confidencialidad de tus datos. Cooks from Spain B sigue siendo responsable de este procesamiento. Adem\u00e1s, Cooks from Spain B proporciona tus datos personales a otros terceros. S\u00f3lo lo hacemos con tu permiso expreso.    <\/p>\n<p class=\"p1\">Cookies, o t\u00e9cnicas similares, que utilizamos<\/p>\n<p class=\"p1\">Cooks from Spain utiliza cookies funcionales, anal\u00edticas y de seguimiento. Una cookie es un peque\u00f1o archivo de texto que se almacena en el navegador de tu ordenador, tableta o smartphone la primera vez que visitas este sitio web. Cooks from Spain utiliza cookies con una funcionalidad puramente t\u00e9cnica. \u00c9stas garantizan que el sitio web funcione correctamente y que, por ejemplo, se recuerden tus preferencias. Estas cookies tambi\u00e9n se utilizan para que el sitio web funcione correctamente y para optimizarlo. Adem\u00e1s, colocamos cookies que rastrean tu comportamiento de navegaci\u00f3n para poder ofrecerte contenidos y anuncios personalizados.     <\/p>\n<p class=\"p1\">En tu primera visita a nuestro sitio web, ya te hemos informado sobre estas cookies y te hemos pedido permiso para instalarlas.<\/p>\n<p class=\"p1\">Puedes rechazar las cookies configurando tu navegador de Internet para que deje de almacenarlas. Adem\u00e1s, tambi\u00e9n puedes eliminar cualquier informaci\u00f3n almacenada previamente a trav\u00e9s de la configuraci\u00f3n de tu navegador. <\/p>\n<p class=\"p1\">En este sitio web tambi\u00e9n se instalan cookies de terceros. Entre ellos se incluyen, por ejemplo, los anunciantes y\/o las empresas de medios sociales. A continuaci\u00f3n te ofrecemos una visi\u00f3n general:  <\/p>\n<p class=\"p1\">Funci\u00f3n: Cookie anal\u00edtica que mide el tr\u00e1fico del sitio web<\/p>\n<p class=\"p1\">Periodo de conservaci\u00f3n: 2 a\u00f1os ]<\/p>\n<p class=\"p1\">Ver, modificar o borrar datos<\/p>\n<p class=\"p1\">Tienes derecho a ver, corregir o eliminar tus datos personales. Puedes hacerlo t\u00fa mismo a trav\u00e9s de la configuraci\u00f3n personal de tu cuenta. Tambi\u00e9n tienes derecho a retirar tu posible consentimiento al tratamiento de datos u oponerte al tratamiento de tus datos personales por parte de nuestra empresa, y tienes derecho a la portabilidad de datos. Esto significa que puedes presentarnos una solicitud para que te enviemos los datos personales que tenemos sobre ti en un archivo inform\u00e1tico a ti o a otra organizaci\u00f3n nombrada por ti.   <\/p>\n<p class=\"p1\">Si deseas ejercer tu derecho de oposici\u00f3n y\/o tu derecho a la portabilidad de datos o tienes otras preguntas\/comentarios sobre el tratamiento de datos, env\u00eda una solicitud detallada a info@koksuitspanje.nl.<\/p>\n<p class=\"p1\">Para asegurarnos de que la solicitud de inspecci\u00f3n la has hecho t\u00fa, te pedimos que env\u00edes una copia de tu documento de identidad junto con la solicitud. En esta copia, tacha la foto de tu pasaporte, la MRZ (zona legible por m\u00e1quina, la franja de n\u00fameros que hay en la parte inferior del pasaporte), el n\u00famero de pasaporte y el N\u00famero de Atenci\u00f3n al Ciudadano (BSN). Esto es para proteger tu intimidad. Cooks from Spain responder\u00e1 a tu solicitud lo antes posible, pero en cualquier caso en el plazo de cuatro semanas.   <\/p>\n<p class=\"p1\">Cooks from Spain tambi\u00e9n desea informarte de que tienes la opci\u00f3n de presentar una reclamaci\u00f3n ante el regulador nacional, la Autoridad de Datos Personales. Puedes hacerlo a trav\u00e9s del siguiente enlace: https:\/\/autoriteitpersoonsgegevens.nl\/nl\/contact-met-de-autoriteit-persoonsgegevens\/tip-ons <\/p>\n<p class=\"p1\">C\u00f3mo protegemos los datos personales<\/p>\n<p class=\"p1\">Cooks from Spain se toma muy en serio la protecci\u00f3n de tus datos y adopta las medidas adecuadas para evitar el abuso, la p\u00e9rdida, el acceso no autorizado, la divulgaci\u00f3n no deseada y la modificaci\u00f3n no autorizada. Si tienes la impresi\u00f3n de que tus datos no est\u00e1n debidamente protegidos o hay indicios de uso indebido, ponte en contacto con nuestro servicio de atenci\u00f3n al cliente o a trav\u00e9s de info@koksuitspanje.nl. <\/p>\n","protected":false},"excerpt":{"rendered":"<p>Cooks from Spain, con domicilio en Scheibaan 11a, 5062TM Oisterwijk, Pa\u00edses Bajos, es responsable del tratamiento de los datos personales reflejados en esta declaraci\u00f3n de privacidad. Datos de contacto: Https:\/\/www.koksuitspanje.nl Scheibaan 11a, 5062TM Oisterwijk, Pa\u00edses Bajos +31651505704 Dick van Ostaden es el Responsable de Protecci\u00f3n de Datos de Cooks from Spain. Puedes ponerte en contacto [&hellip;]<\/p>\n","protected":false},"author":1,"featured_media":0,"parent":0,"menu_order":0,"comment_status":"closed","ping_status":"closed","template":"","meta":{"_acf_changed":false,"footnotes":""},"class_list":["post-1187","page","type-page","status-publish","hentry"],"acf":[],"yoast_head":"<!-- This site is optimized with the Yoast SEO Premium plugin v24.7 (Yoast SEO v27.4) - https:\/\/yoast.com\/product\/yoast-seo-premium-wordpress\/ -->\n<title>Pol\u00edtica de privacidad - Koks uit Spanje<\/title>\n<meta name=\"robots\" content=\"index, follow, max-snippet:-1, max-image-preview:large, max-video-preview:-1\" \/>\n<link rel=\"canonical\" href=\"https:\/\/www.koksuitspanje.nl\/es\/declaracion-de-privacidad\/\" \/>\n<meta property=\"og:locale\" content=\"es_ES\" \/>\n<meta property=\"og:type\" content=\"article\" \/>\n<meta property=\"og:title\" content=\"Pol\u00edtica de privacidad\" \/>\n<meta property=\"og:description\" content=\"Cooks from Spain, con domicilio en Scheibaan 11a, 5062TM Oisterwijk, Pa\u00edses Bajos, es responsable del tratamiento de los datos personales reflejados en esta declaraci\u00f3n de privacidad. Datos de contacto: Https:\/\/www.koksuitspanje.nl Scheibaan 11a, 5062TM Oisterwijk, Pa\u00edses Bajos +31651505704 Dick van Ostaden es el Responsable de Protecci\u00f3n de Datos de Cooks from Spain. Puedes ponerte en contacto [&hellip;]\" \/>\n<meta property=\"og:url\" content=\"https:\/\/www.koksuitspanje.nl\/es\/declaracion-de-privacidad\/\" \/>\n<meta property=\"og:site_name\" content=\"Koks uit Spanje\" \/>\n<meta property=\"article:publisher\" content=\"https:\/\/www.facebook.com\/cocinerosenHolanda\/\" \/>\n<meta property=\"article:modified_time\" content=\"2025-12-10T15:41:02+00:00\" \/>\n<meta property=\"og:image\" content=\"https:\/\/www.koksuitspanje.nl\/wp-content\/uploads\/2018\/07\/login-bg.jpg\" \/>\n\t<meta property=\"og:image:width\" content=\"1920\" \/>\n\t<meta property=\"og:image:height\" content=\"1280\" \/>\n\t<meta property=\"og:image:type\" content=\"image\/jpeg\" \/>\n<meta name=\"twitter:card\" content=\"summary_large_image\" \/>\n<meta name=\"twitter:label1\" content=\"Tiempo de lectura\" \/>\n\t<meta name=\"twitter:data1\" content=\"6 minutos\" \/>\n<script type=\"application\/ld+json\" class=\"yoast-schema-graph\">{\"@context\":\"https:\\\/\\\/schema.org\",\"@graph\":[{\"@type\":\"WebPage\",\"@id\":\"https:\\\/\\\/www.koksuitspanje.nl\\\/es\\\/declaracion-de-privacidad\\\/\",\"url\":\"https:\\\/\\\/www.koksuitspanje.nl\\\/es\\\/declaracion-de-privacidad\\\/\",\"name\":\"Pol\u00edtica de privacidad - Koks uit Spanje\",\"isPartOf\":{\"@id\":\"https:\\\/\\\/www.koksuitspanje.nl\\\/es\\\/#website\"},\"datePublished\":\"2018-08-30T13:20:49+00:00\",\"dateModified\":\"2025-12-10T15:41:02+00:00\",\"breadcrumb\":{\"@id\":\"https:\\\/\\\/www.koksuitspanje.nl\\\/es\\\/declaracion-de-privacidad\\\/#breadcrumb\"},\"inLanguage\":\"es\",\"potentialAction\":[{\"@type\":\"ReadAction\",\"target\":[\"https:\\\/\\\/www.koksuitspanje.nl\\\/es\\\/declaracion-de-privacidad\\\/\"]}]},{\"@type\":\"BreadcrumbList\",\"@id\":\"https:\\\/\\\/www.koksuitspanje.nl\\\/es\\\/declaracion-de-privacidad\\\/#breadcrumb\",\"itemListElement\":[{\"@type\":\"ListItem\",\"position\":1,\"name\":\"Inicio\",\"item\":\"https:\\\/\\\/www.koksuitspanje.nl\\\/es\\\/\"},{\"@type\":\"ListItem\",\"position\":2,\"name\":\"Pol\u00edtica de privacidad\"}]},{\"@type\":\"WebSite\",\"@id\":\"https:\\\/\\\/www.koksuitspanje.nl\\\/es\\\/#website\",\"url\":\"https:\\\/\\\/www.koksuitspanje.nl\\\/es\\\/\",\"name\":\"Koks uit Spanje\",\"description\":\"Werving en selectie hospitality\",\"publisher\":{\"@id\":\"https:\\\/\\\/www.koksuitspanje.nl\\\/es\\\/#organization\"},\"alternateName\":\"Cocineros en Holanda\",\"potentialAction\":[{\"@type\":\"SearchAction\",\"target\":{\"@type\":\"EntryPoint\",\"urlTemplate\":\"https:\\\/\\\/www.koksuitspanje.nl\\\/es\\\/?s={search_term_string}\"},\"query-input\":{\"@type\":\"PropertyValueSpecification\",\"valueRequired\":true,\"valueName\":\"search_term_string\"}}],\"inLanguage\":\"es\"},{\"@type\":\"Organization\",\"@id\":\"https:\\\/\\\/www.koksuitspanje.nl\\\/es\\\/#organization\",\"name\":\"Koks uit Spanje\",\"alternateName\":\"Chefs from Spain\",\"url\":\"https:\\\/\\\/www.koksuitspanje.nl\\\/es\\\/\",\"logo\":{\"@type\":\"ImageObject\",\"inLanguage\":\"es\",\"@id\":\"https:\\\/\\\/www.koksuitspanje.nl\\\/es\\\/#\\\/schema\\\/logo\\\/image\\\/\",\"url\":\"https:\\\/\\\/www.koksuitspanje.nl\\\/wp-content\\\/uploads\\\/2018\\\/07\\\/login-bg.jpg\",\"contentUrl\":\"https:\\\/\\\/www.koksuitspanje.nl\\\/wp-content\\\/uploads\\\/2018\\\/07\\\/login-bg.jpg\",\"width\":\"1920\",\"height\":\"1280\",\"caption\":\"Koks uit Spanje\"},\"image\":{\"@id\":\"https:\\\/\\\/www.koksuitspanje.nl\\\/es\\\/#\\\/schema\\\/logo\\\/image\\\/\"},\"sameAs\":[\"https:\\\/\\\/www.facebook.com\\\/cocinerosenHolanda\\\/\",\"https:\\\/\\\/www.instagram.com\\\/cocinerosenholanda\\\/\"]}]}<\/script>\n<!-- \/ Yoast SEO Premium plugin. -->","yoast_head_json":{"title":"Pol\u00edtica de privacidad - Koks uit Spanje","robots":{"index":"index","follow":"follow","max-snippet":"max-snippet:-1","max-image-preview":"max-image-preview:large","max-video-preview":"max-video-preview:-1"},"canonical":"https:\/\/www.koksuitspanje.nl\/es\/declaracion-de-privacidad\/","og_locale":"es_ES","og_type":"article","og_title":"Pol\u00edtica de privacidad","og_description":"Cooks from Spain, con domicilio en Scheibaan 11a, 5062TM Oisterwijk, Pa\u00edses Bajos, es responsable del tratamiento de los datos personales reflejados en esta declaraci\u00f3n de privacidad. Datos de contacto: Https:\/\/www.koksuitspanje.nl Scheibaan 11a, 5062TM Oisterwijk, Pa\u00edses Bajos +31651505704 Dick van Ostaden es el Responsable de Protecci\u00f3n de Datos de Cooks from Spain. Puedes ponerte en contacto [&hellip;]","og_url":"https:\/\/www.koksuitspanje.nl\/es\/declaracion-de-privacidad\/","og_site_name":"Koks uit Spanje","article_publisher":"https:\/\/www.facebook.com\/cocinerosenHolanda\/","article_modified_time":"2025-12-10T15:41:02+00:00","og_image":[{"width":1920,"height":1280,"url":"https:\/\/www.koksuitspanje.nl\/wp-content\/uploads\/2018\/07\/login-bg.jpg","type":"image\/jpeg"}],"twitter_card":"summary_large_image","twitter_misc":{"Tiempo de lectura":"6 minutos"},"schema":{"@context":"https:\/\/schema.org","@graph":[{"@type":"WebPage","@id":"https:\/\/www.koksuitspanje.nl\/es\/declaracion-de-privacidad\/","url":"https:\/\/www.koksuitspanje.nl\/es\/declaracion-de-privacidad\/","name":"Pol\u00edtica de privacidad - Koks uit Spanje","isPartOf":{"@id":"https:\/\/www.koksuitspanje.nl\/es\/#website"},"datePublished":"2018-08-30T13:20:49+00:00","dateModified":"2025-12-10T15:41:02+00:00","breadcrumb":{"@id":"https:\/\/www.koksuitspanje.nl\/es\/declaracion-de-privacidad\/#breadcrumb"},"inLanguage":"es","potentialAction":[{"@type":"ReadAction","target":["https:\/\/www.koksuitspanje.nl\/es\/declaracion-de-privacidad\/"]}]},{"@type":"BreadcrumbList","@id":"https:\/\/www.koksuitspanje.nl\/es\/declaracion-de-privacidad\/#breadcrumb","itemListElement":[{"@type":"ListItem","position":1,"name":"Inicio","item":"https:\/\/www.koksuitspanje.nl\/es\/"},{"@type":"ListItem","position":2,"name":"Pol\u00edtica de privacidad"}]},{"@type":"WebSite","@id":"https:\/\/www.koksuitspanje.nl\/es\/#website","url":"https:\/\/www.koksuitspanje.nl\/es\/","name":"Koks uit Spanje","description":"Werving en selectie hospitality","publisher":{"@id":"https:\/\/www.koksuitspanje.nl\/es\/#organization"},"alternateName":"Cocineros en Holanda","potentialAction":[{"@type":"SearchAction","target":{"@type":"EntryPoint","urlTemplate":"https:\/\/www.koksuitspanje.nl\/es\/?s={search_term_string}"},"query-input":{"@type":"PropertyValueSpecification","valueRequired":true,"valueName":"search_term_string"}}],"inLanguage":"es"},{"@type":"Organization","@id":"https:\/\/www.koksuitspanje.nl\/es\/#organization","name":"Koks uit Spanje","alternateName":"Chefs from Spain","url":"https:\/\/www.koksuitspanje.nl\/es\/","logo":{"@type":"ImageObject","inLanguage":"es","@id":"https:\/\/www.koksuitspanje.nl\/es\/#\/schema\/logo\/image\/","url":"https:\/\/www.koksuitspanje.nl\/wp-content\/uploads\/2018\/07\/login-bg.jpg","contentUrl":"https:\/\/www.koksuitspanje.nl\/wp-content\/uploads\/2018\/07\/login-bg.jpg","width":"1920","height":"1280","caption":"Koks uit Spanje"},"image":{"@id":"https:\/\/www.koksuitspanje.nl\/es\/#\/schema\/logo\/image\/"},"sameAs":["https:\/\/www.facebook.com\/cocinerosenHolanda\/","https:\/\/www.instagram.com\/cocinerosenholanda\/"]}]}},"_links":{"self":[{"href":"https:\/\/www.koksuitspanje.nl\/es\/wp-json\/wp\/v2\/pages\/1187","targetHints":{"allow":["GET"]}}],"collection":[{"href":"https:\/\/www.koksuitspanje.nl\/es\/wp-json\/wp\/v2\/pages"}],"about":[{"href":"https:\/\/www.koksuitspanje.nl\/es\/wp-json\/wp\/v2\/types\/page"}],"author":[{"embeddable":true,"href":"https:\/\/www.koksuitspanje.nl\/es\/wp-json\/wp\/v2\/users\/1"}],"replies":[{"embeddable":true,"href":"https:\/\/www.koksuitspanje.nl\/es\/wp-json\/wp\/v2\/comments?post=1187"}],"version-history":[{"count":1,"href":"https:\/\/www.koksuitspanje.nl\/es\/wp-json\/wp\/v2\/pages\/1187\/revisions"}],"predecessor-version":[{"id":62980,"href":"https:\/\/www.koksuitspanje.nl\/es\/wp-json\/wp\/v2\/pages\/1187\/revisions\/62980"}],"wp:attachment":[{"href":"https:\/\/www.koksuitspanje.nl\/es\/wp-json\/wp\/v2\/media?parent=1187"}],"curies":[{"name":"wp","href":"https:\/\/api.w.org\/{rel}","templated":true}]}}